{"id":218,"date":"2020-03-05T22:28:14","date_gmt":"2020-03-05T21:28:14","guid":{"rendered":"http:\/\/dont-give-up.fr\/WELCOME\/?page_id=218"},"modified":"2020-12-03T12:17:35","modified_gmt":"2020-12-03T11:17:35","slug":"nos-projets","status":"publish","type":"page","link":"https:\/\/dont-give-up.fr\/WELCOME\/nos-projets\/","title":{"rendered":"Nos projets"},"content":{"rendered":"\t\t<div data-elementor-type=\"wp-page\" data-elementor-id=\"218\" class=\"elementor elementor-218\">\n\t\t\t\t\t\t<div class=\"elementor-inner\">\n\t\t\t\t<div class=\"elementor-section-wrap\">\n\t\t\t\t\t\t\t\t\t<section class=\"elementor-section elementor-top-section elementor-element elementor-element-bac5718 elementor-section-boxed elementor-section-height-default elementor-section-height-default\" data-id=\"bac5718\" data-element_type=\"section\">\n\t\t\t\t\t\t<div class=\"elementor-container elementor-column-gap-default\">\n\t\t\t\t\t\t\t<div class=\"elementor-row\">\n\t\t\t\t\t<div class=\"elementor-column elementor-col-100 elementor-top-column elementor-element elementor-element-e3a360d\" data-id=\"e3a360d\" data-element_type=\"column\">\n\t\t\t<div class=\"elementor-column-wrap elementor-element-populated\">\n\t\t\t\t\t\t\t<div class=\"elementor-widget-wrap\">\n\t\t\t\t\t\t<div class=\"elementor-element elementor-element-9a2dd38 elementor-invisible elementor-widget elementor-widget-text-editor\" data-id=\"9a2dd38\" data-element_type=\"widget\" data-settings=\"{&quot;_animation&quot;:&quot;fadeIn&quot;}\" data-widget_type=\"text-editor.default\">\n\t\t\t\t<div class=\"elementor-widget-container\">\n\t\t\t\t\t\t\t\t<div class=\"elementor-text-editor elementor-clearfix\">\n\t\t\t\t<figure class=\"wp-block-gallery columns-3 is-cropped\">\n<ul class=\"blocks-gallery-grid\">\n<li class=\"blocks-gallery-item\">\n<figure><a href=\"https:\/\/dont-give-up.fr\/WELCOME\/wp-content\/uploads\/2020\/03\/50ANSJPG-4-4.jpeg\"><img loading=\"lazy\" class=\"alignnone wp-image-241 size-medium\" src=\"https:\/\/dont-give-up.fr\/WELCOME\/wp-content\/uploads\/2020\/03\/50ANSJPG-4-4-300x225.jpeg\" alt=\"\" width=\"300\" height=\"225\" data-id=\"220\" data-full-url=\"https:\/\/dont-give-up.fr\/WELCOME\/wp-content\/uploads\/2020\/03\/ASICS-PARIS-2019-20190625-WA0002.jpg\" data-link=\"https:\/\/dont-give-up.fr\/WELCOME\/?attachment_id=220\" srcset=\"https:\/\/dont-give-up.fr\/WELCOME\/wp-content\/uploads\/2020\/03\/50ANSJPG-4-4-300x225.jpeg 300w, https:\/\/dont-give-up.fr\/WELCOME\/wp-content\/uploads\/2020\/03\/50ANSJPG-4-4.jpeg 640w\" sizes=\"(max-width: 300px) 100vw, 300px\" \/><\/a><\/figure>\n<\/li>\n<li class=\"blocks-gallery-item\">\n<figure><a href=\"https:\/\/dont-give-up.fr\/WELCOME\/wp-content\/uploads\/2020\/03\/50ANSJPG-1-1.jpg\"><img loading=\"lazy\" class=\"alignnone wp-image-240 size-medium\" src=\"https:\/\/dont-give-up.fr\/WELCOME\/wp-content\/uploads\/2020\/03\/50ANSJPG-1-1-300x225.jpg\" alt=\"\" width=\"300\" height=\"225\" data-id=\"219\" data-full-url=\"https:\/\/dont-give-up.fr\/WELCOME\/wp-content\/uploads\/2020\/03\/ASICS-PARIS-2019-20190117-WA0000.jpg\" data-link=\"https:\/\/dont-give-up.fr\/WELCOME\/?attachment_id=219\" srcset=\"https:\/\/dont-give-up.fr\/WELCOME\/wp-content\/uploads\/2020\/03\/50ANSJPG-1-1-300x225.jpg 300w, https:\/\/dont-give-up.fr\/WELCOME\/wp-content\/uploads\/2020\/03\/50ANSJPG-1-1.jpg 640w\" sizes=\"(max-width: 300px) 100vw, 300px\" \/><\/a><\/figure>\n<\/li>\n<li class=\"blocks-gallery-item\">\n<figure><a href=\"https:\/\/dont-give-up.fr\/WELCOME\/wp-content\/uploads\/2020\/03\/50ANSJPG-2.jpeg\"><img loading=\"lazy\" class=\"alignnone wp-image-233 size-thumbnail\" src=\"https:\/\/dont-give-up.fr\/WELCOME\/wp-content\/uploads\/2020\/03\/50ANSJPG-2-150x150.jpeg\" alt=\"\" width=\"150\" height=\"150\" data-id=\"222\" data-full-url=\"https:\/\/dont-give-up.fr\/WELCOME\/wp-content\/uploads\/2020\/03\/ASICS_WTG_Berlin_recap_02.jpg\" data-link=\"https:\/\/dont-give-up.fr\/WELCOME\/?attachment_id=222\" srcset=\"https:\/\/dont-give-up.fr\/WELCOME\/wp-content\/uploads\/2020\/03\/50ANSJPG-2-150x150.jpeg 150w, https:\/\/dont-give-up.fr\/WELCOME\/wp-content\/uploads\/2020\/03\/50ANSJPG-2-100x100.jpeg 100w\" sizes=\"(max-width: 150px) 100vw, 150px\" \/><\/a><\/figure>\n<\/li>\n<li class=\"blocks-gallery-item\">\n<figure><a href=\"https:\/\/dont-give-up.fr\/WELCOME\/wp-content\/uploads\/2020\/03\/50ANSJPG-3-scaled.jpg\"><img loading=\"lazy\" class=\"alignnone wp-image-234 size-full\" src=\"https:\/\/dont-give-up.fr\/WELCOME\/wp-content\/uploads\/2020\/03\/50ANSJPG-3-scaled.jpg\" alt=\"\" width=\"2560\" height=\"1920\" data-id=\"221\" data-full-url=\"https:\/\/dont-give-up.fr\/WELCOME\/wp-content\/uploads\/2020\/03\/ASICS-PARIS-2019-20190625-WA0006.jpg\" data-link=\"https:\/\/dont-give-up.fr\/WELCOME\/?attachment_id=221\" srcset=\"https:\/\/dont-give-up.fr\/WELCOME\/wp-content\/uploads\/2020\/03\/50ANSJPG-3-scaled.jpg 2560w, https:\/\/dont-give-up.fr\/WELCOME\/wp-content\/uploads\/2020\/03\/50ANSJPG-3-300x225.jpg 300w, https:\/\/dont-give-up.fr\/WELCOME\/wp-content\/uploads\/2020\/03\/50ANSJPG-3-1024x768.jpg 1024w, https:\/\/dont-give-up.fr\/WELCOME\/wp-content\/uploads\/2020\/03\/50ANSJPG-3-768x576.jpg 768w, https:\/\/dont-give-up.fr\/WELCOME\/wp-content\/uploads\/2020\/03\/50ANSJPG-3-1536x1152.jpg 1536w, https:\/\/dont-give-up.fr\/WELCOME\/wp-content\/uploads\/2020\/03\/50ANSJPG-3-2048x1536.jpg 2048w\" sizes=\"(max-width: 767px) 89vw, (max-width: 1000px) 54vw, (max-width: 1071px) 543px, 580px\" \/><\/a><\/figure>\n<\/li>\n<\/ul>\n<figcaption class=\"blocks-gallery-caption\"><b>JEAN PAUL GAULTIER<\/b>\/\/ Th\u00e9\u00e2tre du Ch\u00e2telet 50 ans <strong># Equipe Technique Lumi\u00e8re et Son<\/strong><\/figcaption>\n<\/figure>\n<p><!-- \/wp:gallery --><!-- wp:paragraph --><\/p>\n<p>\u00a0<\/p>\t\t\t\t\t<\/div>\n\t\t\t\t\t\t<\/div>\n\t\t\t\t<\/div>\n\t\t\t\t\t\t<\/div>\n\t\t\t\t\t<\/div>\n\t\t<\/div>\n\t\t\t\t\t\t\t\t<\/div>\n\t\t\t\t\t<\/div>\n\t\t<\/section>\n\t\t\t\t<section class=\"elementor-section elementor-top-section elementor-element elementor-element-3d17b71 elementor-section-boxed elementor-section-height-default elementor-section-height-default\" data-id=\"3d17b71\" data-element_type=\"section\">\n\t\t\t\t\t\t<div class=\"elementor-container elementor-column-gap-default\">\n\t\t\t\t\t\t\t<div class=\"elementor-row\">\n\t\t\t\t\t<div class=\"elementor-column elementor-col-100 elementor-top-column elementor-element elementor-element-57d9aae\" data-id=\"57d9aae\" data-element_type=\"column\">\n\t\t\t<div class=\"elementor-column-wrap\">\n\t\t\t\t\t\t\t<div class=\"elementor-widget-wrap\">\n\t\t\t\t\t\t\t\t<\/div>\n\t\t\t\t\t<\/div>\n\t\t<\/div>\n\t\t\t\t\t\t\t\t<\/div>\n\t\t\t\t\t<\/div>\n\t\t<\/section>\n\t\t\t\t<section class=\"elementor-section elementor-top-section elementor-element elementor-element-68d93ec9 elementor-section-boxed elementor-section-height-default elementor-section-height-default\" data-id=\"68d93ec9\" data-element_type=\"section\">\n\t\t\t\t\t\t<div class=\"elementor-container elementor-column-gap-default\">\n\t\t\t\t\t\t\t<div class=\"elementor-row\">\n\t\t\t\t\t<div class=\"elementor-column elementor-col-100 elementor-top-column elementor-element elementor-element-7c09a2cd\" data-id=\"7c09a2cd\" data-element_type=\"column\">\n\t\t\t<div class=\"elementor-column-wrap elementor-element-populated\">\n\t\t\t\t\t\t\t<div class=\"elementor-widget-wrap\">\n\t\t\t\t\t\t<div class=\"elementor-element elementor-element-8f71394 elementor-invisible elementor-widget elementor-widget-text-editor\" data-id=\"8f71394\" data-element_type=\"widget\" data-settings=\"{&quot;_animation&quot;:&quot;fadeIn&quot;}\" data-widget_type=\"text-editor.default\">\n\t\t\t\t<div class=\"elementor-widget-container\">\n\t\t\t\t\t\t\t\t<div class=\"elementor-text-editor elementor-clearfix\">\n\t\t\t\t<figure class=\"wp-block-gallery columns-3 is-cropped\">\n<ul class=\"blocks-gallery-grid\">\n<li class=\"blocks-gallery-item\">\n<figure><a href=\"https:\/\/dont-give-up.fr\/WELCOME\/wp-content\/uploads\/2020\/03\/ASICS-PARIS-2019-20190625-WA0002.jpg\"><img loading=\"lazy\" class=\"alignleft wp-image-220 size-medium\" src=\"https:\/\/dont-give-up.fr\/WELCOME\/wp-content\/uploads\/2020\/03\/ASICS-PARIS-2019-20190625-WA0002-300x200.jpg\" alt=\"ASICS PARIS GAITE LYRIQUE\" width=\"300\" height=\"200\" data-id=\"220\" data-full-url=\"https:\/\/dont-give-up.fr\/WELCOME\/wp-content\/uploads\/2020\/03\/ASICS-PARIS-2019-20190625-WA0002.jpg\" data-link=\"https:\/\/dont-give-up.fr\/WELCOME\/?attachment_id=220\" srcset=\"https:\/\/dont-give-up.fr\/WELCOME\/wp-content\/uploads\/2020\/03\/ASICS-PARIS-2019-20190625-WA0002-300x200.jpg 300w, https:\/\/dont-give-up.fr\/WELCOME\/wp-content\/uploads\/2020\/03\/ASICS-PARIS-2019-20190625-WA0002-1024x682.jpg 1024w, https:\/\/dont-give-up.fr\/WELCOME\/wp-content\/uploads\/2020\/03\/ASICS-PARIS-2019-20190625-WA0002-768x512.jpg 768w, https:\/\/dont-give-up.fr\/WELCOME\/wp-content\/uploads\/2020\/03\/ASICS-PARIS-2019-20190625-WA0002-1536x1023.jpg 1536w, https:\/\/dont-give-up.fr\/WELCOME\/wp-content\/uploads\/2020\/03\/ASICS-PARIS-2019-20190625-WA0002.jpg 1600w\" sizes=\"(max-width: 300px) 100vw, 300px\" \/><\/a><\/figure>\n<\/li>\n<li class=\"blocks-gallery-item\">\n<figure><a href=\"https:\/\/dont-give-up.fr\/WELCOME\/wp-content\/uploads\/2020\/03\/ASICS-PARIS-2019-20190117-WA0000.jpg\"><img loading=\"lazy\" class=\"alignnone wp-image-219 size-medium\" src=\"https:\/\/dont-give-up.fr\/WELCOME\/wp-content\/uploads\/2020\/03\/ASICS-PARIS-2019-20190117-WA0000-300x225.jpg\" alt=\"ASICS PARIS GAITE LYRIQUE\" width=\"300\" height=\"225\" data-id=\"219\" data-full-url=\"https:\/\/dont-give-up.fr\/WELCOME\/wp-content\/uploads\/2020\/03\/ASICS-PARIS-2019-20190117-WA0000.jpg\" data-link=\"https:\/\/dont-give-up.fr\/WELCOME\/?attachment_id=219\" srcset=\"https:\/\/dont-give-up.fr\/WELCOME\/wp-content\/uploads\/2020\/03\/ASICS-PARIS-2019-20190117-WA0000-300x225.jpg 300w, https:\/\/dont-give-up.fr\/WELCOME\/wp-content\/uploads\/2020\/03\/ASICS-PARIS-2019-20190117-WA0000-768x576.jpg 768w, https:\/\/dont-give-up.fr\/WELCOME\/wp-content\/uploads\/2020\/03\/ASICS-PARIS-2019-20190117-WA0000.jpg 1024w\" sizes=\"(max-width: 300px) 100vw, 300px\" \/><\/a><\/figure>\n<\/li>\n<li class=\"blocks-gallery-item\">\n<figure><a href=\"https:\/\/dont-give-up.fr\/WELCOME\/wp-content\/uploads\/2020\/03\/ASICS_WTG_Berlin_recap_02.jpg\"><img loading=\"lazy\" class=\"alignnone wp-image-222 size-medium\" src=\"https:\/\/dont-give-up.fr\/WELCOME\/wp-content\/uploads\/2020\/03\/ASICS_WTG_Berlin_recap_02-300x200.jpg\" alt=\"ASICS BERLIN\" width=\"300\" height=\"200\" data-id=\"222\" data-full-url=\"https:\/\/dont-give-up.fr\/WELCOME\/wp-content\/uploads\/2020\/03\/ASICS_WTG_Berlin_recap_02.jpg\" data-link=\"https:\/\/dont-give-up.fr\/WELCOME\/?attachment_id=222\" srcset=\"https:\/\/dont-give-up.fr\/WELCOME\/wp-content\/uploads\/2020\/03\/ASICS_WTG_Berlin_recap_02-300x200.jpg 300w, https:\/\/dont-give-up.fr\/WELCOME\/wp-content\/uploads\/2020\/03\/ASICS_WTG_Berlin_recap_02-1024x683.jpg 1024w, https:\/\/dont-give-up.fr\/WELCOME\/wp-content\/uploads\/2020\/03\/ASICS_WTG_Berlin_recap_02-768x512.jpg 768w, https:\/\/dont-give-up.fr\/WELCOME\/wp-content\/uploads\/2020\/03\/ASICS_WTG_Berlin_recap_02.jpg 1200w\" sizes=\"(max-width: 300px) 100vw, 300px\" \/><\/a><\/figure>\n<\/li>\n<li class=\"blocks-gallery-item\">\n<figure><a href=\"https:\/\/dont-give-up.fr\/WELCOME\/wp-content\/uploads\/2020\/03\/ASICS-PARIS-2019-20190625-WA0006.jpg\"><img loading=\"lazy\" class=\"alignnone wp-image-221 size-medium\" src=\"https:\/\/dont-give-up.fr\/WELCOME\/wp-content\/uploads\/2020\/03\/ASICS-PARIS-2019-20190625-WA0006-300x200.jpg\" alt=\"\" width=\"300\" height=\"200\" data-id=\"221\" data-full-url=\"https:\/\/dont-give-up.fr\/WELCOME\/wp-content\/uploads\/2020\/03\/ASICS-PARIS-2019-20190625-WA0006.jpg\" data-link=\"https:\/\/dont-give-up.fr\/WELCOME\/?attachment_id=221\" srcset=\"https:\/\/dont-give-up.fr\/WELCOME\/wp-content\/uploads\/2020\/03\/ASICS-PARIS-2019-20190625-WA0006-300x200.jpg 300w, https:\/\/dont-give-up.fr\/WELCOME\/wp-content\/uploads\/2020\/03\/ASICS-PARIS-2019-20190625-WA0006-1024x682.jpg 1024w, https:\/\/dont-give-up.fr\/WELCOME\/wp-content\/uploads\/2020\/03\/ASICS-PARIS-2019-20190625-WA0006-768x512.jpg 768w, https:\/\/dont-give-up.fr\/WELCOME\/wp-content\/uploads\/2020\/03\/ASICS-PARIS-2019-20190625-WA0006-1536x1023.jpg 1536w, https:\/\/dont-give-up.fr\/WELCOME\/wp-content\/uploads\/2020\/03\/ASICS-PARIS-2019-20190625-WA0006.jpg 1600w\" sizes=\"(max-width: 300px) 100vw, 300px\" \/><\/a><\/figure>\n<\/li>\n<\/ul>\n<figcaption class=\"blocks-gallery-caption\"><strong>ASICS<\/strong> \/\/ Paris \/ Berlin \/\/ 2018-2020 <strong># Direction Technique \/ Stage Management<\/strong><\/figcaption>\n<\/figure>\n<!-- \/wp:gallery --><!-- wp:paragraph -->\n<p>\u00a0<\/p>\t\t\t\t\t<\/div>\n\t\t\t\t\t\t<\/div>\n\t\t\t\t<\/div>\n\t\t\t\t\t\t<\/div>\n\t\t\t\t\t<\/div>\n\t\t<\/div>\n\t\t\t\t\t\t\t\t<\/div>\n\t\t\t\t\t<\/div>\n\t\t<\/section>\n\t\t\t\t<section class=\"elementor-section elementor-top-section elementor-element elementor-element-c2e9f03 elementor-section-boxed elementor-section-height-default elementor-section-height-default\" data-id=\"c2e9f03\" data-element_type=\"section\">\n\t\t\t\t\t\t<div class=\"elementor-container elementor-column-gap-default\">\n\t\t\t\t\t\t\t<div class=\"elementor-row\">\n\t\t\t\t\t<div class=\"elementor-column elementor-col-100 elementor-top-column elementor-element elementor-element-ada3972\" data-id=\"ada3972\" data-element_type=\"column\">\n\t\t\t<div class=\"elementor-column-wrap elementor-element-populated\">\n\t\t\t\t\t\t\t<div class=\"elementor-widget-wrap\">\n\t\t\t\t\t\t<div class=\"elementor-element elementor-element-f32ffb3 elementor-invisible elementor-widget elementor-widget-text-editor\" data-id=\"f32ffb3\" data-element_type=\"widget\" data-settings=\"{&quot;_animation&quot;:&quot;fadeIn&quot;}\" data-widget_type=\"text-editor.default\">\n\t\t\t\t<div class=\"elementor-widget-container\">\n\t\t\t\t\t\t\t\t<div class=\"elementor-text-editor elementor-clearfix\">\n\t\t\t\t<figure class=\"wp-block-gallery columns-3 is-cropped\">\n<ul class=\"blocks-gallery-grid\">\n<li class=\"blocks-gallery-item\">\n<figure><a href=\"http:\/\/dont-give-up.fr\/WELCOME\/wp-content\/uploads\/2020\/03\/TOUTLEMONDECHANTE-2.jpeg\"><img loading=\"lazy\" class=\"alignnone wp-image-237 size-medium\" src=\"http:\/\/dont-give-up.fr\/WELCOME\/wp-content\/uploads\/2020\/03\/TOUTLEMONDECHANTE-2-300x225.jpeg\" alt=\"\" width=\"300\" height=\"225\" data-id=\"220\" data-full-url=\"http:\/\/dont-give-up.fr\/WELCOME\/wp-content\/uploads\/2020\/03\/ASICS-PARIS-2019-20190625-WA0002.jpg\" data-link=\"http:\/\/dont-give-up.fr\/WELCOME\/?attachment_id=220\" srcset=\"https:\/\/dont-give-up.fr\/WELCOME\/wp-content\/uploads\/2020\/03\/TOUTLEMONDECHANTE-2-300x225.jpeg 300w, https:\/\/dont-give-up.fr\/WELCOME\/wp-content\/uploads\/2020\/03\/TOUTLEMONDECHANTE-2.jpeg 640w\" sizes=\"(max-width: 300px) 100vw, 300px\" \/><\/a><\/figure>\n<\/li>\n<li class=\"blocks-gallery-item\">\n<figure><a href=\"http:\/\/dont-give-up.fr\/WELCOME\/wp-content\/uploads\/2020\/03\/TOUTLEMONDECHANTE-3.jpeg\"><img loading=\"lazy\" class=\"alignnone wp-image-238 size-medium\" src=\"http:\/\/dont-give-up.fr\/WELCOME\/wp-content\/uploads\/2020\/03\/TOUTLEMONDECHANTE-3-300x225.jpeg\" alt=\"\" width=\"300\" height=\"225\" data-id=\"219\" data-full-url=\"http:\/\/dont-give-up.fr\/WELCOME\/wp-content\/uploads\/2020\/03\/ASICS-PARIS-2019-20190117-WA0000.jpg\" data-link=\"http:\/\/dont-give-up.fr\/WELCOME\/?attachment_id=219\" srcset=\"https:\/\/dont-give-up.fr\/WELCOME\/wp-content\/uploads\/2020\/03\/TOUTLEMONDECHANTE-3-300x225.jpeg 300w, https:\/\/dont-give-up.fr\/WELCOME\/wp-content\/uploads\/2020\/03\/TOUTLEMONDECHANTE-3.jpeg 640w\" sizes=\"(max-width: 300px) 100vw, 300px\" \/><\/a><\/figure>\n<\/li>\n<li class=\"blocks-gallery-item\">\n<figure><a href=\"http:\/\/dont-give-up.fr\/WELCOME\/wp-content\/uploads\/2020\/03\/TOUTLEMONDECHANTE-4.jpeg\"><img loading=\"lazy\" class=\"alignnone wp-image-239 size-medium\" src=\"http:\/\/dont-give-up.fr\/WELCOME\/wp-content\/uploads\/2020\/03\/TOUTLEMONDECHANTE-4-300x225.jpeg\" alt=\"\" width=\"300\" height=\"225\" data-id=\"222\" data-full-url=\"http:\/\/dont-give-up.fr\/WELCOME\/wp-content\/uploads\/2020\/03\/ASICS_WTG_Berlin_recap_02.jpg\" data-link=\"http:\/\/dont-give-up.fr\/WELCOME\/?attachment_id=222\" srcset=\"https:\/\/dont-give-up.fr\/WELCOME\/wp-content\/uploads\/2020\/03\/TOUTLEMONDECHANTE-4-300x225.jpeg 300w, https:\/\/dont-give-up.fr\/WELCOME\/wp-content\/uploads\/2020\/03\/TOUTLEMONDECHANTE-4.jpeg 640w\" sizes=\"(max-width: 300px) 100vw, 300px\" \/><\/a><\/figure>\n<\/li>\n<li class=\"blocks-gallery-item\">\n<figure><a href=\"http:\/\/dont-give-up.fr\/WELCOME\/wp-content\/uploads\/2020\/03\/TOUTLEMONDECHANTE-1.jpeg\"><img loading=\"lazy\" class=\"alignnone wp-image-236 size-medium\" src=\"http:\/\/dont-give-up.fr\/WELCOME\/wp-content\/uploads\/2020\/03\/TOUTLEMONDECHANTE-1-300x225.jpeg\" alt=\"\" width=\"300\" height=\"225\" data-id=\"221\" data-full-url=\"http:\/\/dont-give-up.fr\/WELCOME\/wp-content\/uploads\/2020\/03\/ASICS-PARIS-2019-20190625-WA0006.jpg\" data-link=\"http:\/\/dont-give-up.fr\/WELCOME\/?attachment_id=221\" srcset=\"https:\/\/dont-give-up.fr\/WELCOME\/wp-content\/uploads\/2020\/03\/TOUTLEMONDECHANTE-1-300x225.jpeg 300w, https:\/\/dont-give-up.fr\/WELCOME\/wp-content\/uploads\/2020\/03\/TOUTLEMONDECHANTE-1.jpeg 640w\" sizes=\"(max-width: 300px) 100vw, 300px\" \/><\/a><\/figure>\n<\/li>\n<\/ul>\n<figcaption class=\"blocks-gallery-caption\"><b>TOUT LE MONDE CHANTE CONTRE LE CANCER <\/b>\/\/ 2017-2019 <strong># Son FOH<\/strong><\/figcaption>\n<\/figure>\n<p><!-- wp:gallery {\"ids\":[220,219,222,221]} --><!-- \/wp:gallery --><!-- wp:paragraph --><!-- \/wp:paragraph --><\/p>\n<p>\u00a0<\/p>\t\t\t\t\t<\/div>\n\t\t\t\t\t\t<\/div>\n\t\t\t\t<\/div>\n\t\t\t\t\t\t<\/div>\n\t\t\t\t\t<\/div>\n\t\t<\/div>\n\t\t\t\t\t\t\t\t<\/div>\n\t\t\t\t\t<\/div>\n\t\t<\/section>\n\t\t\t\t<section class=\"elementor-section elementor-top-section elementor-element elementor-element-7136681 elementor-section-boxed elementor-section-height-default elementor-section-height-default\" data-id=\"7136681\" data-element_type=\"section\">\n\t\t\t\t\t\t<div class=\"elementor-container elementor-column-gap-default\">\n\t\t\t\t\t\t\t<div class=\"elementor-row\">\n\t\t\t\t\t<div class=\"elementor-column elementor-col-100 elementor-top-column elementor-element elementor-element-53b7f70 elementor-invisible\" data-id=\"53b7f70\" data-element_type=\"column\" data-settings=\"{&quot;animation&quot;:&quot;fadeIn&quot;}\">\n\t\t\t<div class=\"elementor-column-wrap elementor-element-populated\">\n\t\t\t\t\t\t\t<div class=\"elementor-widget-wrap\">\n\t\t\t\t\t\t<div class=\"elementor-element elementor-element-f22f55a elementor-widget elementor-widget-text-editor\" data-id=\"f22f55a\" data-element_type=\"widget\" data-widget_type=\"text-editor.default\">\n\t\t\t\t<div class=\"elementor-widget-container\">\n\t\t\t\t\t\t\t\t<div class=\"elementor-text-editor elementor-clearfix\">\n\t\t\t\t<p><!-- wp:gallery {\"ids\":[251,249,250]} --><!-- \/wp:gallery --><\/p>\n<figure class=\"wp-block-gallery columns-3 is-cropped\">\n<ul class=\"blocks-gallery-grid\">\n<li class=\"blocks-gallery-item\">\n<figure><a href=\"http:\/\/dont-give-up.fr\/WELCOME\/wp-content\/uploads\/2020\/03\/SAGITAIRE-A_20190623_153307-scaled.jpg\"><img loading=\"lazy\" class=\"alignnone wp-image-251\" src=\"http:\/\/dont-give-up.fr\/WELCOME\/wp-content\/uploads\/2020\/03\/SAGITAIRE-A_20190623_153307-768x1024.jpg\" alt=\"\" width=\"768\" height=\"1024\" data-id=\"251\" data-full-url=\"http:\/\/dont-give-up.fr\/WELCOME\/wp-content\/uploads\/2020\/03\/SAGITAIRE-A_20190623_153307-scaled.jpg\" data-link=\"http:\/\/dont-give-up.fr\/WELCOME\/?attachment_id=251\" srcset=\"https:\/\/dont-give-up.fr\/WELCOME\/wp-content\/uploads\/2020\/03\/SAGITAIRE-A_20190623_153307-768x1024.jpg 768w, https:\/\/dont-give-up.fr\/WELCOME\/wp-content\/uploads\/2020\/03\/SAGITAIRE-A_20190623_153307-225x300.jpg 225w, https:\/\/dont-give-up.fr\/WELCOME\/wp-content\/uploads\/2020\/03\/SAGITAIRE-A_20190623_153307-1152x1536.jpg 1152w, https:\/\/dont-give-up.fr\/WELCOME\/wp-content\/uploads\/2020\/03\/SAGITAIRE-A_20190623_153307-1536x2048.jpg 1536w, https:\/\/dont-give-up.fr\/WELCOME\/wp-content\/uploads\/2020\/03\/SAGITAIRE-A_20190623_153307-scaled.jpg 1920w\" sizes=\"(max-width: 767px) 89vw, (max-width: 1000px) 54vw, (max-width: 1071px) 543px, 580px\" \/><\/a><\/figure>\n<\/li>\n<li class=\"blocks-gallery-item\">\n<figure><a href=\"http:\/\/dont-give-up.fr\/WELCOME\/wp-content\/uploads\/2020\/03\/SAGITAIRE-A_20190623_152915-scaled.jpg\"><img loading=\"lazy\" class=\"alignnone wp-image-249\" src=\"http:\/\/dont-give-up.fr\/WELCOME\/wp-content\/uploads\/2020\/03\/SAGITAIRE-A_20190623_152915-768x1024.jpg\" alt=\"\" width=\"768\" height=\"1024\" data-id=\"249\" data-full-url=\"http:\/\/dont-give-up.fr\/WELCOME\/wp-content\/uploads\/2020\/03\/SAGITAIRE-A_20190623_152915-scaled.jpg\" data-link=\"http:\/\/dont-give-up.fr\/WELCOME\/?attachment_id=249\" srcset=\"https:\/\/dont-give-up.fr\/WELCOME\/wp-content\/uploads\/2020\/03\/SAGITAIRE-A_20190623_152915-768x1024.jpg 768w, https:\/\/dont-give-up.fr\/WELCOME\/wp-content\/uploads\/2020\/03\/SAGITAIRE-A_20190623_152915-225x300.jpg 225w, https:\/\/dont-give-up.fr\/WELCOME\/wp-content\/uploads\/2020\/03\/SAGITAIRE-A_20190623_152915-1152x1536.jpg 1152w, https:\/\/dont-give-up.fr\/WELCOME\/wp-content\/uploads\/2020\/03\/SAGITAIRE-A_20190623_152915-1536x2048.jpg 1536w, https:\/\/dont-give-up.fr\/WELCOME\/wp-content\/uploads\/2020\/03\/SAGITAIRE-A_20190623_152915-scaled.jpg 1920w\" sizes=\"(max-width: 767px) 89vw, (max-width: 1000px) 54vw, (max-width: 1071px) 543px, 580px\" \/><\/a><\/figure>\n<\/li>\n<li class=\"blocks-gallery-item\">\n<figure><a href=\"http:\/\/dont-give-up.fr\/WELCOME\/wp-content\/uploads\/2020\/03\/SAGITAIRE-A_20190623_153122-scaled.jpg\"><img loading=\"lazy\" class=\"alignnone wp-image-250\" src=\"http:\/\/dont-give-up.fr\/WELCOME\/wp-content\/uploads\/2020\/03\/SAGITAIRE-A_20190623_153122-1024x768.jpg\" alt=\"\" width=\"1024\" height=\"768\" data-id=\"250\" data-full-url=\"http:\/\/dont-give-up.fr\/WELCOME\/wp-content\/uploads\/2020\/03\/SAGITAIRE-A_20190623_153122-scaled.jpg\" data-link=\"http:\/\/dont-give-up.fr\/WELCOME\/?attachment_id=250\" srcset=\"https:\/\/dont-give-up.fr\/WELCOME\/wp-content\/uploads\/2020\/03\/SAGITAIRE-A_20190623_153122-1024x768.jpg 1024w, https:\/\/dont-give-up.fr\/WELCOME\/wp-content\/uploads\/2020\/03\/SAGITAIRE-A_20190623_153122-300x225.jpg 300w, https:\/\/dont-give-up.fr\/WELCOME\/wp-content\/uploads\/2020\/03\/SAGITAIRE-A_20190623_153122-768x576.jpg 768w, https:\/\/dont-give-up.fr\/WELCOME\/wp-content\/uploads\/2020\/03\/SAGITAIRE-A_20190623_153122-1536x1152.jpg 1536w, https:\/\/dont-give-up.fr\/WELCOME\/wp-content\/uploads\/2020\/03\/SAGITAIRE-A_20190623_153122-2048x1536.jpg 2048w\" sizes=\"(max-width: 767px) 89vw, (max-width: 1000px) 54vw, (max-width: 1071px) 543px, 580px\" \/><\/a><\/figure>\n<\/li>\n<\/ul>\n<figure class=\"wp-block-gallery columns-3 is-cropped\">\n<figcaption class=\"blocks-gallery-caption\"><strong>SAGITTAIRE A<\/strong> \/\/ Paris\u00a0 \/\/ Juin 2019 <strong># Light Design<\/strong><\/figcaption>\n<\/figure>\n<p><!-- \/wp:gallery --><!-- wp:paragraph --><\/p>\n<p>\u00a0<\/p>\n<\/figure>\t\t\t\t\t<\/div>\n\t\t\t\t\t\t<\/div>\n\t\t\t\t<\/div>\n\t\t\t\t\t\t<\/div>\n\t\t\t\t\t<\/div>\n\t\t<\/div>\n\t\t\t\t\t\t\t\t<\/div>\n\t\t\t\t\t<\/div>\n\t\t<\/section>\n\t\t\t\t\t\t\t\t\t<\/div>\n\t\t\t<\/div>\n\t\t\t\t\t<\/div>\n\t\t","protected":false},"excerpt":{"rendered":"<p>JEAN PAUL GAULTIER\/\/ Th\u00e9\u00e2tre du Ch\u00e2telet 50 ans # Equipe Technique Lumi\u00e8re et Son \u00a0 ASICS \/\/ Paris \/ Berlin \/\/ 2018-2020 # Direction Technique \/ Stage Management \u00a0 TOUT LE MONDE CHANTE CONTRE LE CANCER \/\/ 2017-2019 # Son FOH \u00a0 SAGITTAIRE A \/\/ Paris\u00a0 \/\/ Juin 2019 # Light Design \u00a0<\/p>\n","protected":false},"author":1,"featured_media":114,"parent":0,"menu_order":0,"comment_status":"closed","ping_status":"closed","template":"","meta":[],"_links":{"self":[{"href":"https:\/\/dont-give-up.fr\/WELCOME\/wp-json\/wp\/v2\/pages\/218"}],"collection":[{"href":"https:\/\/dont-give-up.fr\/WELCOME\/wp-json\/wp\/v2\/pages"}],"about":[{"href":"https:\/\/dont-give-up.fr\/WELCOME\/wp-json\/wp\/v2\/types\/page"}],"author":[{"embeddable":true,"href":"https:\/\/dont-give-up.fr\/WELCOME\/wp-json\/wp\/v2\/users\/1"}],"replies":[{"embeddable":true,"href":"https:\/\/dont-give-up.fr\/WELCOME\/wp-json\/wp\/v2\/comments?post=218"}],"version-history":[{"count":88,"href":"https:\/\/dont-give-up.fr\/WELCOME\/wp-json\/wp\/v2\/pages\/218\/revisions"}],"predecessor-version":[{"id":346,"href":"https:\/\/dont-give-up.fr\/WELCOME\/wp-json\/wp\/v2\/pages\/218\/revisions\/346"}],"wp:featuredmedia":[{"embeddable":true,"href":"https:\/\/dont-give-up.fr\/WELCOME\/wp-json\/wp\/v2\/media\/114"}],"wp:attachment":[{"href":"https:\/\/dont-give-up.fr\/WELCOME\/wp-json\/wp\/v2\/media?parent=218"}],"curies":[{"name":"wp","href":"https:\/\/api.w.org\/{rel}","templated":true}]}}