{"id":142,"date":"2019-02-20T10:31:03","date_gmt":"2019-02-20T09:31:03","guid":{"rendered":"http:\/\/dont-give-up.fr\/WELCOME\/?page_id=142"},"modified":"2020-03-04T21:49:27","modified_gmt":"2020-03-04T20:49:27","slug":"welcome","status":"publish","type":"page","link":"https:\/\/dont-give-up.fr\/WELCOME\/","title":{"rendered":"ADN"},"content":{"rendered":"\n<p><strong>DONT&nbsp;GIVE UP<\/strong>&nbsp;est une soci\u00e9t\u00e9 de conseils et d&rsquo;\u00e9tudes apportant des solutions innovantes dans la r\u00e9alisation de vos projets d\u2019installations fixes et mobiles dans les domaines du Live, de l&rsquo;Entertainment, du classique au rock. <\/p>\n\n\n\n<p>DESiGN SONORE | DiFFUSION MULTi CANAL | SCENOGRAPHiE | DESiGN SCENiQUE | PRODUCTiON TECHNiQUE<\/p>\n\n\n\n<p>&nbsp;<\/p>\n\n\n\n<p>Toujours en veille technologie, nos \u00e9quipes d&rsquo;ing\u00e9nieurs, concepteurs et techniciens, vous apportent sur le terrains leur savoir faire et leur savoir \u00eatre aussi bien pour du Live, du Spectacle, des Festivals, des \u00ab\u00a0One shot\u00a0\u00bb ainsi que toutes autres formes de projets n\u00e9cessitants des installations particuli\u00e8res en audio et lumi\u00e8re.<\/p>\n","protected":false},"excerpt":{"rendered":"<p>DONT&nbsp;GIVE UP&nbsp;est une soci\u00e9t\u00e9 de conseils et d&rsquo;\u00e9tudes apportant des solutions innovantes dans la r\u00e9alisation de vos projets d\u2019installations fixes et mobiles dans les domaines du Live, de l&rsquo;Entertainment, du classique au rock. DESiGN SONORE | DiFFUSION MULTi CANAL | SCENOGRAPHiE | DESiGN SCENiQUE | PRODUCTiON TECHNiQUE &nbsp; Toujours en veille technologie, nos \u00e9quipes d&rsquo;ing\u00e9nieurs, &hellip; <\/p>\n<p class=\"link-more\"><a href=\"https:\/\/dont-give-up.fr\/WELCOME\/\" class=\"more-link\">Continuer la lecture<span class=\"screen-reader-text\"> de &laquo;&nbsp;ADN&nbsp;&raquo;<\/span><\/a><\/p>\n","protected":false},"author":1,"featured_media":111,"parent":0,"menu_order":0,"comment_status":"closed","ping_status":"closed","template":"","meta":[],"_links":{"self":[{"href":"https:\/\/dont-give-up.fr\/WELCOME\/wp-json\/wp\/v2\/pages\/142"}],"collection":[{"href":"https:\/\/dont-give-up.fr\/WELCOME\/wp-json\/wp\/v2\/pages"}],"about":[{"href":"https:\/\/dont-give-up.fr\/WELCOME\/wp-json\/wp\/v2\/types\/page"}],"author":[{"embeddable":true,"href":"https:\/\/dont-give-up.fr\/WELCOME\/wp-json\/wp\/v2\/users\/1"}],"replies":[{"embeddable":true,"href":"https:\/\/dont-give-up.fr\/WELCOME\/wp-json\/wp\/v2\/comments?post=142"}],"version-history":[{"count":11,"href":"https:\/\/dont-give-up.fr\/WELCOME\/wp-json\/wp\/v2\/pages\/142\/revisions"}],"predecessor-version":[{"id":194,"href":"https:\/\/dont-give-up.fr\/WELCOME\/wp-json\/wp\/v2\/pages\/142\/revisions\/194"}],"wp:featuredmedia":[{"embeddable":true,"href":"https:\/\/dont-give-up.fr\/WELCOME\/wp-json\/wp\/v2\/media\/111"}],"wp:attachment":[{"href":"https:\/\/dont-give-up.fr\/WELCOME\/wp-json\/wp\/v2\/media?parent=142"}],"curies":[{"name":"wp","href":"https:\/\/api.w.org\/{rel}","templated":true}]}}